{"id":1501,"date":"2023-03-06T18:19:27","date_gmt":"2023-03-06T18:19:27","guid":{"rendered":"https:\/\/sanzzaid.com\/modeles\/"},"modified":"2024-10-29T17:08:57","modified_gmt":"2024-10-29T17:08:57","slug":"modeles","status":"publish","type":"page","link":"https:\/\/sanzzaid.com\/fr\/modeles\/","title":{"rendered":"Mod\u00e8les"},"content":{"rendered":"\t\t<div data-elementor-type=\"wp-page\" data-elementor-id=\"1501\" class=\"elementor elementor-1501 elementor-654\" data-elementor-post-type=\"page\">\n\t\t\t\t\t\t<section class=\"elementor-section elementor-top-section elementor-element elementor-element-326cb6e elementor-section-boxed elementor-section-height-default elementor-section-height-default\" data-id=\"326cb6e\" data-element_type=\"section\" data-settings=\"{&quot;jet_parallax_layout_list&quot;:[]}\">\n\t\t\t\t\t\t<div class=\"elementor-container elementor-column-gap-default\">\n\t\t\t\t\t<div class=\"elementor-column elementor-col-100 elementor-top-column elementor-element elementor-element-16e853e\" data-id=\"16e853e\" data-element_type=\"column\">\n\t\t\t<div class=\"elementor-widget-wrap elementor-element-populated\">\n\t\t\t\t\t\t<div class=\"elementor-element elementor-element-290dc41 elementor-widget elementor-widget-heading\" data-id=\"290dc41\" data-element_type=\"widget\" data-widget_type=\"heading.default\">\n\t\t\t\t<div class=\"elementor-widget-container\">\n\t\t\t<h2 class=\"elementor-heading-title elementor-size-default\">Mod\u00e8les Pr\u00e9-Faits<\/h2>\t\t<\/div>\n\t\t\t\t<\/div>\n\t\t\t\t<div class=\"elementor-element elementor-element-b9db190 elementor-widget elementor-widget-heading\" data-id=\"b9db190\" data-element_type=\"widget\" data-widget_type=\"heading.default\">\n\t\t\t\t<div class=\"elementor-widget-container\">\n\t\t\t<p class=\"elementor-heading-title elementor-size-default\">Nous offrons une vari\u00e9t\u00e9 de mod\u00e8les pr\u00e9-faits de cartes de visite virtuelles, con\u00e7us pour r\u00e9pondre \u00e0 diff\u00e9rents besoins et styles. S\u00e9lectionnez le mod\u00e8le qui refl\u00e8te le mieux l'identit\u00e9 de votre marque et personnalisez-le avec vos informations. <\/p>\t\t<\/div>\n\t\t\t\t<\/div>\n\t\t\t\t\t<\/div>\n\t\t<\/div>\n\t\t\t\t\t<\/div>\n\t\t<\/section>\n\t\t<div class=\"elementor-element elementor-element-50edd60 e-flex e-con-boxed e-con e-parent\" data-id=\"50edd60\" data-element_type=\"container\" data-settings=\"{&quot;jet_parallax_layout_list&quot;:[]}\">\n\t\t\t\t\t<div class=\"e-con-inner\">\n\t\t<div class=\"elementor-element elementor-element-5a13925 e-con-full e-flex e-con e-child\" data-id=\"5a13925\" data-element_type=\"container\" data-settings=\"{&quot;jet_parallax_layout_list&quot;:[]}\">\n\t\t\t\t<div class=\"elementor-element elementor-element-a28a455 elementor-widget elementor-widget-image\" data-id=\"a28a455\" data-element_type=\"widget\" data-widget_type=\"image.default\">\n\t\t\t\t<div class=\"elementor-widget-container\">\n\t\t\t\t\t\t\t\t\t\t\t\t\t<img fetchpriority=\"high\" decoding=\"async\" width=\"282\" height=\"532\" src=\"https:\/\/sanzzaid.com\/wp-content\/uploads\/2023\/03\/saude.jpg\" class=\"attachment-full size-full wp-image-732\" alt=\"\" srcset=\"https:\/\/sanzzaid.com\/wp-content\/uploads\/2023\/03\/saude.jpg 282w, https:\/\/sanzzaid.com\/wp-content\/uploads\/2023\/03\/saude-159x300.jpg 159w\" sizes=\"(max-width: 282px) 100vw, 282px\" \/>\t\t\t\t\t\t\t\t\t\t\t\t\t<\/div>\n\t\t\t\t<\/div>\n\t\t\t\t<div class=\"elementor-element elementor-element-d2c1285 mb0 elementor-widget elementor-widget-text-editor\" data-id=\"d2c1285\" data-element_type=\"widget\" data-widget_type=\"text-editor.default\">\n\t\t\t\t<div class=\"elementor-widget-container\">\n\t\t\t\t\t\t\t<p>Sant\u00e9<\/p>\n\t\t\t\t\t\t<\/div>\n\t\t\t\t<\/div>\n\t\t\t\t<div class=\"elementor-element elementor-element-7d80b21 elementor-align-center elementor-widget elementor-widget-button\" data-id=\"7d80b21\" data-element_type=\"widget\" data-widget_type=\"button.default\">\n\t\t\t\t<div class=\"elementor-widget-container\">\n\t\t\t\t\t\t\t<div class=\"elementor-button-wrapper\">\n\t\t\t\t\t<a class=\"elementor-button elementor-button-link elementor-size-sm\" href=\"https:\/\/sanzzaid.com\/fr\/?add-to-cart=311&#038;quantity=1&#038;e-redirect=https:\/\/sanzzaid.com\/fr\/panier\/\">\n\t\t\t\t\t\t<span class=\"elementor-button-content-wrapper\">\n\t\t\t\t\t\t<span class=\"elementor-button-icon\">\n\t\t\t\t<svg xmlns=\"http:\/\/www.w3.org\/2000\/svg\" width=\"23.063\" height=\"17.182\" viewBox=\"0 0 23.063 17.182\"><g id=\"Icon_feather-credit-card\" data-name=\"Icon feather-credit-card\" transform=\"translate(0.75 0.75)\"><path id=\"Caminho_47\" data-name=\"Caminho 47\" d=\"M3.46,6H21.1a1.96,1.96,0,0,1,1.96,1.96V19.722a1.96,1.96,0,0,1-1.96,1.96H3.46a1.96,1.96,0,0,1-1.96-1.96V7.96A1.96,1.96,0,0,1,3.46,6Z\" transform=\"translate(-1.5 -6)\" fill=\"none\" stroke=\"#fff\" stroke-linecap=\"round\" stroke-linejoin=\"round\" stroke-width=\"1.5\"><\/path><path id=\"Caminho_48\" data-name=\"Caminho 48\" d=\"M1.5,15H23.063\" transform=\"translate(-1.5 -9.119)\" fill=\"none\" stroke=\"#fff\" stroke-linecap=\"round\" stroke-linejoin=\"round\" stroke-width=\"1.5\"><\/path><\/g><\/svg>\t\t\t<\/span>\n\t\t\t\t\t\t\t\t\t<span class=\"elementor-button-text\">Acheter<\/span>\n\t\t\t\t\t<\/span>\n\t\t\t\t\t<\/a>\n\t\t\t\t<\/div>\n\t\t\t\t\t\t<\/div>\n\t\t\t\t<\/div>\n\t\t\t\t<\/div>\n\t\t<div class=\"elementor-element elementor-element-7c0203a e-con-full e-flex e-con e-child\" data-id=\"7c0203a\" data-element_type=\"container\" data-settings=\"{&quot;jet_parallax_layout_list&quot;:[]}\">\n\t\t\t\t<div class=\"elementor-element elementor-element-4f3b409 elementor-widget elementor-widget-image\" data-id=\"4f3b409\" data-element_type=\"widget\" data-widget_type=\"image.default\">\n\t\t\t\t<div class=\"elementor-widget-container\">\n\t\t\t\t\t\t\t\t\t\t\t\t\t<img decoding=\"async\" width=\"282\" height=\"532\" src=\"https:\/\/sanzzaid.com\/wp-content\/uploads\/2023\/03\/comunicacao.jpg\" class=\"attachment-full size-full wp-image-730\" alt=\"\" srcset=\"https:\/\/sanzzaid.com\/wp-content\/uploads\/2023\/03\/comunicacao.jpg 282w, https:\/\/sanzzaid.com\/wp-content\/uploads\/2023\/03\/comunicacao-159x300.jpg 159w\" sizes=\"(max-width: 282px) 100vw, 282px\" \/>\t\t\t\t\t\t\t\t\t\t\t\t\t<\/div>\n\t\t\t\t<\/div>\n\t\t\t\t<div class=\"elementor-element elementor-element-2655202 mb0 elementor-widget elementor-widget-text-editor\" data-id=\"2655202\" data-element_type=\"widget\" data-widget_type=\"text-editor.default\">\n\t\t\t\t<div class=\"elementor-widget-container\">\n\t\t\t\t\t\t\t<p>Communication<\/p>\n\t\t\t\t\t\t<\/div>\n\t\t\t\t<\/div>\n\t\t\t\t<div class=\"elementor-element elementor-element-fdf8f92 elementor-align-center elementor-widget elementor-widget-button\" data-id=\"fdf8f92\" data-element_type=\"widget\" data-widget_type=\"button.default\">\n\t\t\t\t<div class=\"elementor-widget-container\">\n\t\t\t\t\t\t\t<div class=\"elementor-button-wrapper\">\n\t\t\t\t\t<a class=\"elementor-button elementor-button-link elementor-size-sm\" href=\"https:\/\/sanzzaid.com\/fr\/?add-to-cart=311&#038;quantity=1&#038;e-redirect=https:\/\/sanzzaid.com\/fr\/panier\/\">\n\t\t\t\t\t\t<span class=\"elementor-button-content-wrapper\">\n\t\t\t\t\t\t<span class=\"elementor-button-icon\">\n\t\t\t\t<svg xmlns=\"http:\/\/www.w3.org\/2000\/svg\" width=\"23.063\" height=\"17.182\" viewBox=\"0 0 23.063 17.182\"><g id=\"Icon_feather-credit-card\" data-name=\"Icon feather-credit-card\" transform=\"translate(0.75 0.75)\"><path id=\"Caminho_47\" data-name=\"Caminho 47\" d=\"M3.46,6H21.1a1.96,1.96,0,0,1,1.96,1.96V19.722a1.96,1.96,0,0,1-1.96,1.96H3.46a1.96,1.96,0,0,1-1.96-1.96V7.96A1.96,1.96,0,0,1,3.46,6Z\" transform=\"translate(-1.5 -6)\" fill=\"none\" stroke=\"#fff\" stroke-linecap=\"round\" stroke-linejoin=\"round\" stroke-width=\"1.5\"><\/path><path id=\"Caminho_48\" data-name=\"Caminho 48\" d=\"M1.5,15H23.063\" transform=\"translate(-1.5 -9.119)\" fill=\"none\" stroke=\"#fff\" stroke-linecap=\"round\" stroke-linejoin=\"round\" stroke-width=\"1.5\"><\/path><\/g><\/svg>\t\t\t<\/span>\n\t\t\t\t\t\t\t\t\t<span class=\"elementor-button-text\">Acheter<\/span>\n\t\t\t\t\t<\/span>\n\t\t\t\t\t<\/a>\n\t\t\t\t<\/div>\n\t\t\t\t\t\t<\/div>\n\t\t\t\t<\/div>\n\t\t\t\t<\/div>\n\t\t<div class=\"elementor-element elementor-element-a91006e e-con-full e-flex e-con e-child\" data-id=\"a91006e\" data-element_type=\"container\" data-settings=\"{&quot;jet_parallax_layout_list&quot;:[]}\">\n\t\t\t\t<div class=\"elementor-element elementor-element-2b142ef elementor-widget elementor-widget-image\" data-id=\"2b142ef\" data-element_type=\"widget\" data-widget_type=\"image.default\">\n\t\t\t\t<div class=\"elementor-widget-container\">\n\t\t\t\t\t\t\t\t\t\t\t\t\t<img decoding=\"async\" width=\"282\" height=\"532\" src=\"https:\/\/sanzzaid.com\/wp-content\/uploads\/2023\/03\/educacao.jpg\" class=\"attachment-large size-large wp-image-731\" alt=\"\" srcset=\"https:\/\/sanzzaid.com\/wp-content\/uploads\/2023\/03\/educacao.jpg 282w, https:\/\/sanzzaid.com\/wp-content\/uploads\/2023\/03\/educacao-159x300.jpg 159w\" sizes=\"(max-width: 282px) 100vw, 282px\" \/>\t\t\t\t\t\t\t\t\t\t\t\t\t<\/div>\n\t\t\t\t<\/div>\n\t\t\t\t<div class=\"elementor-element elementor-element-1bf5a13 mb0 elementor-widget elementor-widget-text-editor\" data-id=\"1bf5a13\" data-element_type=\"widget\" data-widget_type=\"text-editor.default\">\n\t\t\t\t<div class=\"elementor-widget-container\">\n\t\t\t\t\t\t\t<p>Enseignement<\/p>\n\t\t\t\t\t\t<\/div>\n\t\t\t\t<\/div>\n\t\t\t\t<div class=\"elementor-element elementor-element-1d5b7e5 elementor-align-center elementor-widget elementor-widget-button\" data-id=\"1d5b7e5\" data-element_type=\"widget\" data-widget_type=\"button.default\">\n\t\t\t\t<div class=\"elementor-widget-container\">\n\t\t\t\t\t\t\t<div class=\"elementor-button-wrapper\">\n\t\t\t\t\t<a class=\"elementor-button elementor-button-link elementor-size-sm\" href=\"https:\/\/sanzzaid.com\/fr\/?add-to-cart=311&#038;quantity=1&#038;e-redirect=https:\/\/sanzzaid.com\/fr\/panier\/\">\n\t\t\t\t\t\t<span class=\"elementor-button-content-wrapper\">\n\t\t\t\t\t\t<span class=\"elementor-button-icon\">\n\t\t\t\t<svg xmlns=\"http:\/\/www.w3.org\/2000\/svg\" width=\"23.063\" height=\"17.182\" viewBox=\"0 0 23.063 17.182\"><g id=\"Icon_feather-credit-card\" data-name=\"Icon feather-credit-card\" transform=\"translate(0.75 0.75)\"><path id=\"Caminho_47\" data-name=\"Caminho 47\" d=\"M3.46,6H21.1a1.96,1.96,0,0,1,1.96,1.96V19.722a1.96,1.96,0,0,1-1.96,1.96H3.46a1.96,1.96,0,0,1-1.96-1.96V7.96A1.96,1.96,0,0,1,3.46,6Z\" transform=\"translate(-1.5 -6)\" fill=\"none\" stroke=\"#fff\" stroke-linecap=\"round\" stroke-linejoin=\"round\" stroke-width=\"1.5\"><\/path><path id=\"Caminho_48\" data-name=\"Caminho 48\" d=\"M1.5,15H23.063\" transform=\"translate(-1.5 -9.119)\" fill=\"none\" stroke=\"#fff\" stroke-linecap=\"round\" stroke-linejoin=\"round\" stroke-width=\"1.5\"><\/path><\/g><\/svg>\t\t\t<\/span>\n\t\t\t\t\t\t\t\t\t<span class=\"elementor-button-text\">Acheter<\/span>\n\t\t\t\t\t<\/span>\n\t\t\t\t\t<\/a>\n\t\t\t\t<\/div>\n\t\t\t\t\t\t<\/div>\n\t\t\t\t<\/div>\n\t\t\t\t<\/div>\n\t\t<div class=\"elementor-element elementor-element-0afa1c1 e-con-full e-flex e-con e-child\" data-id=\"0afa1c1\" data-element_type=\"container\" data-settings=\"{&quot;jet_parallax_layout_list&quot;:[]}\">\n\t\t\t\t<div class=\"elementor-element elementor-element-c4ac67a elementor-widget elementor-widget-image\" data-id=\"c4ac67a\" data-element_type=\"widget\" data-widget_type=\"image.default\">\n\t\t\t\t<div class=\"elementor-widget-container\">\n\t\t\t\t\t\t\t\t\t\t\t\t\t<img loading=\"lazy\" decoding=\"async\" width=\"282\" height=\"532\" src=\"https:\/\/sanzzaid.com\/wp-content\/uploads\/2023\/03\/seguros.jpg\" class=\"attachment-large size-large wp-image-733\" alt=\"\" srcset=\"https:\/\/sanzzaid.com\/wp-content\/uploads\/2023\/03\/seguros.jpg 282w, https:\/\/sanzzaid.com\/wp-content\/uploads\/2023\/03\/seguros-159x300.jpg 159w\" sizes=\"(max-width: 282px) 100vw, 282px\" \/>\t\t\t\t\t\t\t\t\t\t\t\t\t<\/div>\n\t\t\t\t<\/div>\n\t\t\t\t<div class=\"elementor-element elementor-element-7f43b76 mb0 elementor-widget elementor-widget-text-editor\" data-id=\"7f43b76\" data-element_type=\"widget\" data-widget_type=\"text-editor.default\">\n\t\t\t\t<div class=\"elementor-widget-container\">\n\t\t\t\t\t\t\t<p>Assurances<\/p>\n\t\t\t\t\t\t<\/div>\n\t\t\t\t<\/div>\n\t\t\t\t<div class=\"elementor-element elementor-element-2780553 elementor-align-center elementor-widget elementor-widget-button\" data-id=\"2780553\" data-element_type=\"widget\" data-widget_type=\"button.default\">\n\t\t\t\t<div class=\"elementor-widget-container\">\n\t\t\t\t\t\t\t<div class=\"elementor-button-wrapper\">\n\t\t\t\t\t<a class=\"elementor-button elementor-button-link elementor-size-sm\" href=\"https:\/\/sanzzaid.com\/fr\/?add-to-cart=311&#038;quantity=1&#038;e-redirect=https:\/\/sanzzaid.com\/fr\/panier\/\">\n\t\t\t\t\t\t<span class=\"elementor-button-content-wrapper\">\n\t\t\t\t\t\t<span class=\"elementor-button-icon\">\n\t\t\t\t<svg xmlns=\"http:\/\/www.w3.org\/2000\/svg\" width=\"23.063\" height=\"17.182\" viewBox=\"0 0 23.063 17.182\"><g id=\"Icon_feather-credit-card\" data-name=\"Icon feather-credit-card\" transform=\"translate(0.75 0.75)\"><path id=\"Caminho_47\" data-name=\"Caminho 47\" d=\"M3.46,6H21.1a1.96,1.96,0,0,1,1.96,1.96V19.722a1.96,1.96,0,0,1-1.96,1.96H3.46a1.96,1.96,0,0,1-1.96-1.96V7.96A1.96,1.96,0,0,1,3.46,6Z\" transform=\"translate(-1.5 -6)\" fill=\"none\" stroke=\"#fff\" stroke-linecap=\"round\" stroke-linejoin=\"round\" stroke-width=\"1.5\"><\/path><path id=\"Caminho_48\" data-name=\"Caminho 48\" d=\"M1.5,15H23.063\" transform=\"translate(-1.5 -9.119)\" fill=\"none\" stroke=\"#fff\" stroke-linecap=\"round\" stroke-linejoin=\"round\" stroke-width=\"1.5\"><\/path><\/g><\/svg>\t\t\t<\/span>\n\t\t\t\t\t\t\t\t\t<span class=\"elementor-button-text\">Acheter<\/span>\n\t\t\t\t\t<\/span>\n\t\t\t\t\t<\/a>\n\t\t\t\t<\/div>\n\t\t\t\t\t\t<\/div>\n\t\t\t\t<\/div>\n\t\t\t\t<\/div>\n\t\t\t\t\t<\/div>\n\t\t\t\t<\/div>\n\t\t\t\t<\/div>\n\t\t","protected":false},"excerpt":{"rendered":"<p>Mod\u00e8les Pr\u00e9-Faits Nous offrons une vari\u00e9t\u00e9 de mod\u00e8les pr\u00e9-faits de cartes de visite virtuelles, con\u00e7us pour r\u00e9pondre \u00e0 diff\u00e9rents besoins et styles. S\u00e9lectionnez le mod\u00e8le qui refl\u00e8te le mieux l&rsquo;identit\u00e9 de votre marque et personnalisez-le avec vos informations. Sant\u00e9 Acheter Communication Acheter Enseignement Acheter Assurances Acheter<\/p>\n","protected":false},"author":17,"featured_media":0,"parent":0,"menu_order":0,"comment_status":"closed","ping_status":"closed","template":"elementor_header_footer","meta":{"_acf_changed":false,"footnotes":""},"class_list":["post-1501","page","type-page","status-publish","hentry"],"acf":[],"_links":{"self":[{"href":"https:\/\/sanzzaid.com\/fr\/wp-json\/wp\/v2\/pages\/1501","targetHints":{"allow":["GET"]}}],"collection":[{"href":"https:\/\/sanzzaid.com\/fr\/wp-json\/wp\/v2\/pages"}],"about":[{"href":"https:\/\/sanzzaid.com\/fr\/wp-json\/wp\/v2\/types\/page"}],"author":[{"embeddable":true,"href":"https:\/\/sanzzaid.com\/fr\/wp-json\/wp\/v2\/users\/17"}],"replies":[{"embeddable":true,"href":"https:\/\/sanzzaid.com\/fr\/wp-json\/wp\/v2\/comments?post=1501"}],"version-history":[{"count":27,"href":"https:\/\/sanzzaid.com\/fr\/wp-json\/wp\/v2\/pages\/1501\/revisions"}],"predecessor-version":[{"id":1972,"href":"https:\/\/sanzzaid.com\/fr\/wp-json\/wp\/v2\/pages\/1501\/revisions\/1972"}],"wp:attachment":[{"href":"https:\/\/sanzzaid.com\/fr\/wp-json\/wp\/v2\/media?parent=1501"}],"curies":[{"name":"wp","href":"https:\/\/api.w.org\/{rel}","templated":true}]}}