{"id":1236,"date":"2024-07-03T15:47:26","date_gmt":"2024-07-03T15:47:26","guid":{"rendered":"https:\/\/sanzzaid.com\/panier\/"},"modified":"2024-07-30T11:31:54","modified_gmt":"2024-07-30T11:31:54","slug":"panier","status":"publish","type":"page","link":"https:\/\/sanzzaid.com\/fr\/panier\/","title":{"rendered":"Panier"},"content":{"rendered":"<div class=\"woocommerce\">\n<div class=\"jet-woo-builder-woocommerce-empty-cart\">\n\t<div class=\"woocommerce-notices-wrapper\"><\/div><div class=\"wc-empty-cart-message\">\n\t<div class=\"cart-empty woocommerce-info\">\n\t\tYour cart is currently empty.\t<\/div>\n<\/div><style>.elementor-1973 .elementor-element.elementor-element-9a006e5{--display:flex;--flex-direction:column;--container-widget-width:calc( ( 1 - var( --container-widget-flex-grow ) ) * 100% );--container-widget-height:initial;--container-widget-flex-grow:0;--container-widget-align-self:initial;--flex-wrap-mobile:wrap;--align-items:center;--background-transition:0.3s;--margin-top:120px;--margin-bottom:120px;--margin-left:0px;--margin-right:0px;--padding-top:0px;--padding-bottom:0px;--padding-left:0px;--padding-right:0px;}.elementor-widget-icon.elementor-view-stacked .elementor-icon{background-color:var( --e-global-color-primary );}.elementor-widget-icon.elementor-view-framed .elementor-icon, .elementor-widget-icon.elementor-view-default .elementor-icon{color:var( --e-global-color-primary );border-color:var( --e-global-color-primary );}.elementor-widget-icon.elementor-view-framed .elementor-icon, .elementor-widget-icon.elementor-view-default .elementor-icon svg{fill:var( --e-global-color-primary );}.elementor-1973 .elementor-element.elementor-element-c8f459d > .elementor-widget-container{margin:0px 0px 100px 0px;}.elementor-1973 .elementor-element.elementor-element-c8f459d .elementor-icon-wrapper{text-align:center;}.elementor-1973 .elementor-element.elementor-element-c8f459d.elementor-view-stacked .elementor-icon{background-color:#EDEDED;}.elementor-1973 .elementor-element.elementor-element-c8f459d.elementor-view-framed .elementor-icon, .elementor-1973 .elementor-element.elementor-element-c8f459d.elementor-view-default .elementor-icon{color:#EDEDED;border-color:#EDEDED;}.elementor-1973 .elementor-element.elementor-element-c8f459d.elementor-view-framed .elementor-icon, .elementor-1973 .elementor-element.elementor-element-c8f459d.elementor-view-default .elementor-icon svg{fill:#EDEDED;}.elementor-1973 .elementor-element.elementor-element-c8f459d .elementor-icon{font-size:180px;}.elementor-1973 .elementor-element.elementor-element-c8f459d .elementor-icon svg{height:180px;}.elementor-widget-heading .elementor-heading-title{color:var( --e-global-color-primary );font-family:var( --e-global-typography-primary-font-family ), Sans-serif;font-weight:var( --e-global-typography-primary-font-weight );}.elementor-1973 .elementor-element.elementor-element-e086c96{text-align:center;}.elementor-1973 .elementor-element.elementor-element-e086c96 .elementor-heading-title{color:var( --e-global-color-text );}.elementor-widget-text-editor{color:var( --e-global-color-text );font-family:var( --e-global-typography-text-font-family ), Sans-serif;font-size:var( --e-global-typography-text-font-size );font-weight:var( --e-global-typography-text-font-weight );line-height:var( --e-global-typography-text-line-height );}.elementor-widget-text-editor.elementor-drop-cap-view-stacked .elementor-drop-cap{background-color:var( --e-global-color-primary );}.elementor-widget-text-editor.elementor-drop-cap-view-framed .elementor-drop-cap, .elementor-widget-text-editor.elementor-drop-cap-view-default .elementor-drop-cap{color:var( --e-global-color-primary );border-color:var( --e-global-color-primary );}.elementor-1973 .elementor-element.elementor-element-135eac7{width:var( --container-widget-width, 100% );max-width:100%;--container-widget-width:100%;--container-widget-flex-grow:0;text-align:center;}.elementor-1973 .elementor-element.elementor-element-135eac7 > .elementor-widget-container{margin:50px 0px 50px 0px;}.elementor-widget-button .elementor-button{background-color:var( --e-global-color-accent );font-family:var( --e-global-typography-accent-font-family ), Sans-serif;font-weight:var( --e-global-typography-accent-font-weight );}.elementor-1973 .elementor-element.elementor-element-b628c88 .elementor-button{background-color:var( --e-global-color-b50c4cd );font-family:var( --e-global-typography-c551288-font-family ), Sans-serif;font-size:var( --e-global-typography-c551288-font-size );font-weight:var( --e-global-typography-c551288-font-weight );text-transform:var( --e-global-typography-c551288-text-transform );line-height:var( --e-global-typography-c551288-line-height );letter-spacing:var( --e-global-typography-c551288-letter-spacing );fill:#FFFFFF;color:#FFFFFF;border-radius:5px 5px 5px 5px;padding:20px 58px 20px 58px;}.elementor-1973 .elementor-element.elementor-element-b628c88 .elementor-button:hover, .elementor-1973 .elementor-element.elementor-element-b628c88 .elementor-button:focus{background-color:var( --e-global-color-primary );color:#FFFFFF;}.elementor-1973 .elementor-element.elementor-element-b628c88 .elementor-button:hover svg, .elementor-1973 .elementor-element.elementor-element-b628c88 .elementor-button:focus svg{fill:#FFFFFF;}:root{--page-title-display:none;}@media(max-width:1024px){.elementor-widget-text-editor{font-size:var( --e-global-typography-text-font-size );line-height:var( --e-global-typography-text-line-height );}.elementor-1973 .elementor-element.elementor-element-b628c88 .elementor-button{font-size:var( --e-global-typography-c551288-font-size );line-height:var( --e-global-typography-c551288-line-height );letter-spacing:var( --e-global-typography-c551288-letter-spacing );}}@media(max-width:767px){.elementor-widget-text-editor{font-size:var( --e-global-typography-text-font-size );line-height:var( --e-global-typography-text-line-height );}.elementor-1973 .elementor-element.elementor-element-b628c88 .elementor-button{font-size:var( --e-global-typography-c551288-font-size );line-height:var( --e-global-typography-c551288-line-height );letter-spacing:var( --e-global-typography-c551288-letter-spacing );}}<\/style>\t\t<div data-elementor-type=\"jet-woo-builder-cart\" data-elementor-id=\"1973\" class=\"elementor elementor-1973 elementor-1921\" data-elementor-post-type=\"jet-woo-builder\">\n\t\t\t\t<div class=\"elementor-element elementor-element-9a006e5 e-flex e-con-boxed e-con e-parent\" data-id=\"9a006e5\" data-element_type=\"container\" data-settings=\"{&quot;jet_parallax_layout_list&quot;:[]}\">\n\t\t\t\t\t<div class=\"e-con-inner\">\n\t\t\t\t<div class=\"elementor-element elementor-element-c8f459d elementor-view-default elementor-widget elementor-widget-icon\" data-id=\"c8f459d\" data-element_type=\"widget\" data-widget_type=\"icon.default\">\n\t\t\t\t<div class=\"elementor-widget-container\">\n\t\t\t\t\t<div class=\"elementor-icon-wrapper\">\n\t\t\t<div class=\"elementor-icon\">\n\t\t\t<svg xmlns=\"http:\/\/www.w3.org\/2000\/svg\" id=\"Camada_2\" viewBox=\"0 0 174.81 187.29\"><polygon points=\"67.33 76.19 75.67 84.81 102 59.33 129.27 86.48 137.73 77.98 110.62 50.99 137.67 24.81 129.33 16.19 102.12 42.52 75.73 16.25 67.27 24.75 93.49 50.87 67.33 76.19\"><\/polygon><path d=\"M53.23,143.14l-2.96-16.64h107.98l16.55-72.02-34.46-4.92-1.7,11.88,21.54,3.08-11.49,49.98H48.14l-11.81-66.53,25.36,3.47,1.63-11.89-29.19-4L27.81,0H0v12h17.75l23.48,132.22c-8.03,3.24-13.73,11.33-13.73,20.78,0,12.29,9.65,22.29,21.5,22.29s21.5-10,21.5-22.29c0-10.79-7.43-19.82-17.27-21.86ZM49,175.29c-5.24,0-9.5-4.62-9.5-10.29s4.26-10.29,9.5-10.29,9.5,4.62,9.5,10.29-4.26,10.29-9.5,10.29Z\"><\/path><path d=\"M149,142.71c-11.86,0-21.5,10-21.5,22.29s9.64,22.29,21.5,22.29,21.5-10,21.5-22.29-9.64-22.29-21.5-22.29ZM149,175.29c-5.24,0-9.5-4.62-9.5-10.29s4.26-10.29,9.5-10.29,9.5,4.62,9.5,10.29-4.26,10.29-9.5,10.29Z\"><\/path><\/svg>\t\t\t<\/div>\n\t\t<\/div>\n\t\t\t\t<\/div>\n\t\t\t\t<\/div>\n\t\t\t\t<div class=\"elementor-element elementor-element-e086c96 elementor-widget elementor-widget-heading\" data-id=\"e086c96\" data-element_type=\"widget\" data-widget_type=\"heading.default\">\n\t\t\t\t<div class=\"elementor-widget-container\">\n\t\t\t<h2 class=\"elementor-heading-title elementor-size-default\">Votre panier est vide pour le moment.<\/h2>\t\t<\/div>\n\t\t\t\t<\/div>\n\t\t\t\t<div class=\"elementor-element elementor-element-135eac7 elementor-widget__width-initial elementor-widget elementor-widget-text-editor\" data-id=\"135eac7\" data-element_type=\"widget\" data-widget_type=\"text-editor.default\">\n\t\t\t\t<div class=\"elementor-widget-container\">\n\t\t\t\t\t\t\t<p>Avant de proc\u00e9der au paiement, vous devez ajouter quelques produits \u00e0 votre panier. Vous trouverez de nombreux produits int\u00e9ressants sur notre page \u00ab\u00a0Boutique\u00a0\u00bb.<\/p>\n\t\t\t\t\t\t<\/div>\n\t\t\t\t<\/div>\n\t\t\t\t<div class=\"elementor-element elementor-element-b628c88 elementor-widget elementor-widget-button\" data-id=\"b628c88\" data-element_type=\"widget\" data-widget_type=\"button.default\">\n\t\t\t\t<div class=\"elementor-widget-container\">\n\t\t\t\t\t\t\t<div class=\"elementor-button-wrapper\">\n\t\t\t\t\t<a class=\"elementor-button elementor-button-link elementor-size-sm\" href=\"https:\/\/sanzzaid.com\/fr\/boutique\/\">\n\t\t\t\t\t\t<span class=\"elementor-button-content-wrapper\">\n\t\t\t\t\t\t\t\t\t<span class=\"elementor-button-text\">Retourner \u00e0 la boutique<\/span>\n\t\t\t\t\t<\/span>\n\t\t\t\t\t<\/a>\n\t\t\t\t<\/div>\n\t\t\t\t\t\t<\/div>\n\t\t\t\t<\/div>\n\t\t\t\t\t<\/div>\n\t\t\t\t<\/div>\n\t\t\t\t<\/div>\n\t\t<\/div>\n<\/div>","protected":false},"excerpt":{"rendered":"","protected":false},"author":17,"featured_media":0,"parent":0,"menu_order":0,"comment_status":"closed","ping_status":"closed","template":"","meta":{"_acf_changed":false,"footnotes":""},"class_list":["post-1236","page","type-page","status-publish","hentry"],"acf":[],"_links":{"self":[{"href":"https:\/\/sanzzaid.com\/fr\/wp-json\/wp\/v2\/pages\/1236","targetHints":{"allow":["GET"]}}],"collection":[{"href":"https:\/\/sanzzaid.com\/fr\/wp-json\/wp\/v2\/pages"}],"about":[{"href":"https:\/\/sanzzaid.com\/fr\/wp-json\/wp\/v2\/types\/page"}],"author":[{"embeddable":true,"href":"https:\/\/sanzzaid.com\/fr\/wp-json\/wp\/v2\/users\/17"}],"replies":[{"embeddable":true,"href":"https:\/\/sanzzaid.com\/fr\/wp-json\/wp\/v2\/comments?post=1236"}],"version-history":[{"count":0,"href":"https:\/\/sanzzaid.com\/fr\/wp-json\/wp\/v2\/pages\/1236\/revisions"}],"wp:attachment":[{"href":"https:\/\/sanzzaid.com\/fr\/wp-json\/wp\/v2\/media?parent=1236"}],"curies":[{"name":"wp","href":"https:\/\/api.w.org\/{rel}","templated":true}]}}