{"id":1242,"date":"2022-09-17T22:34:48","date_gmt":"2022-09-17T22:34:48","guid":{"rendered":"https:\/\/sanzzaid.com\/mi-cuenta\/"},"modified":"2024-07-30T11:31:54","modified_gmt":"2024-07-30T11:31:54","slug":"mi-cuenta","status":"publish","type":"page","link":"https:\/\/sanzzaid.com\/es\/mi-cuenta\/","title":{"rendered":"Mi cuenta"},"content":{"rendered":"<div class=\"woocommerce\"><style>\n.woocommerce-button.button.woocommerce-form-login__submit,\n.woocommerce-Button.woocommerce-button.button.woocommerce-form-register__submit {\n    background: #36C561 !important;\n    border-radius: 8px !important;\n    padding: 16px 40px !important;\n    font-family: Poppins, Sans-serif !important;\n    font-size: 16px !important;\n    text-transform: uppercase !important;\n    line-height: 1em !important;\n    letter-spacing: 1px !important;\n    font-weight: 500 !important;\n    color: #FFF !important;\n    text-decoration: none !important;\n}\n.woocommerce-button.button.woocommerce-form-login__submit:hover,\n.woocommerce-Button.woocommerce-button.button.woocommerce-form-register__submit:hover {\n    background: #2929CE !important\n}\n<\/style>\n\n<div class=\"woocommerce-notices-wrapper\"><\/div><section class=\"mainBodyLogin gridrow displayFlexCenter col-d-12 col-12 col-l-12\" >\n        <div class=\"divLogin divContentLogin displayFlexCenter col-d-6 col-6 col-l-6\">\n            <div class=\"headerLogin col-12 col-d-12 col-l-12\">\n\t\t\t\t<a href=\"https:\/\/sanzzaid.com\/es\/\/\"><img decoding=\"async\" src=\"https:\/\/sanzzaid.com\/wp-content\/uploads\/2023\/03\/SanzzaID-logo-2.svg\" alt=\"Logo SanzzaID\" style=\"width: 155px;\"><\/a>\n            <\/div>\n            <div class=\"loginForm col-7 col-d-7 col-l-7\">\n                <div class=\"titleLogin col-d-12 col-12 col-l-12\">\n                    <h1>Login<\/h1>\n                    <p>Bem Vindo! Preencha por favor os seus dados.<\/p>\n                <\/div>\n                <div class=\"formLoginFill col-12 col-d-12 col-l-12\">\n\t\t\t\t\t<form class=\"woocommerce-form woocommerce-form-login login\" method=\"post\">\n\n\t\t\t\t\t\n\t\t\t\t\t<p class=\"woocommerce-form-row woocommerce-form-row--wide form-row form-row-wide\">\n\t\t\t\t\t\t<label class='col-12 col-d-12 col-l-12' for=\"username\">Username or email address&nbsp;<span class=\"required\">*<\/span><\/label>\n\t\t\t\t\t\t<input type=\"text\" class=\"col-12 col-d-12 col-l-12 woocommerce-Input woocommerce-Input--text input-text\" name=\"username\" id=\"username\" autocomplete=\"username\" value=\"\" \/>\t\t\t\t\t<\/p>\n\t\t\t\t\t<p class=\"woocommerce-form-row woocommerce-form-row--wide form-row form-row-wide\">\n\t\t\t\t\t\t<label class='col-12 col-d-12 col-l-12' for=\"password\">Password&nbsp;<span class=\"required\">*<\/span><\/label>\n\t\t\t\t\t\t<input class=\"col-12 col-d-12 col-l-12 woocommerce-Input woocommerce-Input--text input-text\" type=\"password\" name=\"password\" id=\"password\" autocomplete=\"current-password\" \/>\n\t\t\t\t\t<\/p>\n\n\t\t\t\t\t\n\t\t\t\t\t<p class=\"form-row\">\n\t\t\t\t\t\t<label class=\"woocommerce-form__label woocommerce-form__label-for-checkbox woocommerce-form-login__rememberme\">\n\t\t\t\t\t\t\t<input class=\"woocommerce-form__input woocommerce-form__input-checkbox\" name=\"rememberme\" type=\"checkbox\" id=\"rememberme\" value=\"forever\" \/> <span>Remember me<\/span>\n\t\t\t\t\t\t<\/label>\n\t\t\t\t\t\t<input type=\"hidden\" id=\"woocommerce-login-nonce\" name=\"woocommerce-login-nonce\" value=\"a07fe72357\" \/><input type=\"hidden\" name=\"_wp_http_referer\" value=\"\/es\/wp-json\/wp\/v2\/pages\/1242\" \/>\t\t\t\t\t\t<button type=\"submit\" class=\"woocommerce-button button woocommerce-form-login__submit\" name=\"login\" value=\"Log in\">Log in<\/button>\n\t\t\t\t\t<\/p>\n\t\t\t\t\t<p class=\"woocommerce-LostPassword lost_password\">\n\t\t\t\t\t\t<a href=\"https:\/\/sanzzaid.com\/es\/mi-cuenta\/lost-password\/\" style='text-decoration:none'>Lost your password?<\/a>\n\t\t\t\t\t<\/p>\n\n\t\t\t\t\t\n\t\t\t\t\t<\/form>\n                    <div class=\"buttonToRegister col-d-12 col-12 col-l-12\">\n                        <span class=\"toRegister\">N\u00e3o tem conta? <span class=\"underline\">Fa\u00e7a aqui o seu Registo<\/span><\/span>\n                    <\/div>\n                <\/div>\n            <\/div>\n            <div class=\"footerLogin col-12 col-d-12 col-l-12\">\n                <p>Copyright \u00a92026. Cartoes.Digital<\/p>\n            <\/div>\n        <\/div>\n        <div class=\"divLogin divColorLogin displayFlexCenter col-d-6 col-6 col-l-6\">\n            <h2 class=\"col-d-10 col-10 col-l-10\">A new way of <span class=\"semiBold\">Presenting yourself.<\/span><\/h2>\n        <\/div>\n        <div class=\"divLogin divRegister divContentLogin divContentRegister displayFlexCenter col-d-6 col-6 col-l-6\">\n            <div class=\"headerLogin col-12 col-d-12 col-l-12\">\n\t\t\t\t<a href=\"https:\/\/sanzzaid.com\/es\/\/\"><img decoding=\"async\" src=\"https:\/\/sanzzaid.com\/wp-content\/uploads\/2023\/03\/SanzzaID-logo-2.svg\" alt=\"Logo SanzzaID\" style=\"width: 155px;\"><\/a>\n            <\/div>\n            <div class=\"loginForm col-7 col-d-7 col-l-7\">\n                <div class=\"titleLogin col-d-12 col-12 col-l-12\">\n                    <h1>Registo<\/h1>\n                <\/div>\n                <div class=\"formLoginFill col-12 col-d-12 col-l-12\">\n\t\t\t\t<form method=\"post\" class=\"woocommerce-form woocommerce-form-register register\"  >\n\n\t\t\t\t\n\t\t\t\t\n\t\t\t\t<p class=\"woocommerce-form-row woocommerce-form-row--wide form-row form-row-wide\">\n\t\t\t\t\t<label for=\"reg_email\" class=\"col-12 col-d-12 col-l-12\">Email address&nbsp;<span class=\"required\">*<\/span><\/label>\n\t\t\t\t\t<input type=\"email\" class=\"col-12 col-d-12 col-l-12 woocommerce-Input woocommerce-Input--text input-text\" name=\"email\" id=\"reg_email\" autocomplete=\"email\" value=\"\" \/>\t\t\t\t<\/p>\n\n\t\t\t\t\n\t\t\t\t\t<p class=\"woocommerce-form-row woocommerce-form-row--wide form-row form-row-wide\">\n\t\t\t\t\t\t<label for=\"reg_password\" class=\"col-12 col-d-12 col-l-12\">Password&nbsp;<span class=\"required\">*<\/span><\/label>\n\t\t\t\t\t\t<input type=\"password\" class=\"col-12 col-d-12 col-l-12 woocommerce-Input woocommerce-Input--text input-text\" name=\"password\" id=\"reg_password\" autocomplete=\"new-password\" \/>\n\t\t\t\t\t<\/p>\n\n\t\t\t\t\n\t\t\t\t<wc-order-attribution-inputs><\/wc-order-attribution-inputs><div class=\"woocommerce-privacy-policy-text\"><p>Os seus dados pessoais ser\u00e3o utilizados para melhorar a sua experi\u00eancia por toda a loja, para gerir o acesso \u00e0 sua conta e para os prop\u00f3sitos descritos na nossa <a href=\"\" class=\"woocommerce-privacy-policy-link\" target=\"_blank\">privacy policy<\/a>.<\/p>\n<\/div>\n\t\t\t\t<p class=\"woocommerce-form-row form-row\">\n\t\t\t\t\t<input type=\"hidden\" id=\"woocommerce-register-nonce\" name=\"woocommerce-register-nonce\" value=\"3e2253dc50\" \/><input type=\"hidden\" name=\"_wp_http_referer\" value=\"\/es\/wp-json\/wp\/v2\/pages\/1242\" \/>\t\t\t\t\t<button type=\"submit\" class=\"woocommerce-Button woocommerce-button button woocommerce-form-register__submit\" name=\"register\" value=\"Register\">Register<\/button>\n\t\t\t\t<\/p>\n\n\t\t\t\t\n\t\t\t\t<\/form>\n\n\n\n                    <div class=\"buttonToRegister col-d-12 col-12 col-l-12\">\n                        <span class=\"toLogin\">J\u00e1 tem uma conta criada? <span class=\"underline\">Fa\u00e7a aqui o seu Login<\/span><\/span>\n                    <\/div>\n                <\/div>\n            <\/div>\n            <div class=\"footerLogin col-12 col-d-12 col-l-12\">\n                <p>Copyright \u00a92026. Cartoes.Digital<\/p>\n            <\/div>\n        <\/div>\n        <div class=\"divLogin divRegister contentChanging activeRegister divColorLogin divColorRegister displayFlexCenter col-d-6 col-6 col-l-6 left\">\n            <h2 class=\"changeTextLoginRegister col-d-10 col-10 col-l-10\">A new way of <span class=\"semiBold\">Presenting yourself.<\/span><\/h2>\n        <\/div>\n    <\/section>\n\n\n\n\n<\/div>","protected":false},"excerpt":{"rendered":"","protected":false},"author":17,"featured_media":0,"parent":0,"menu_order":0,"comment_status":"closed","ping_status":"closed","template":"","meta":{"_acf_changed":false,"footnotes":""},"class_list":["post-1242","page","type-page","status-publish","hentry"],"acf":[],"_links":{"self":[{"href":"https:\/\/sanzzaid.com\/es\/wp-json\/wp\/v2\/pages\/1242","targetHints":{"allow":["GET"]}}],"collection":[{"href":"https:\/\/sanzzaid.com\/es\/wp-json\/wp\/v2\/pages"}],"about":[{"href":"https:\/\/sanzzaid.com\/es\/wp-json\/wp\/v2\/types\/page"}],"author":[{"embeddable":true,"href":"https:\/\/sanzzaid.com\/es\/wp-json\/wp\/v2\/users\/17"}],"replies":[{"embeddable":true,"href":"https:\/\/sanzzaid.com\/es\/wp-json\/wp\/v2\/comments?post=1242"}],"version-history":[{"count":0,"href":"https:\/\/sanzzaid.com\/es\/wp-json\/wp\/v2\/pages\/1242\/revisions"}],"wp:attachment":[{"href":"https:\/\/sanzzaid.com\/es\/wp-json\/wp\/v2\/media?parent=1242"}],"curies":[{"name":"wp","href":"https:\/\/api.w.org\/{rel}","templated":true}]}}